{"id":30763,"date":"2020-09-09T08:31:06","date_gmt":"2020-09-09T06:31:06","guid":{"rendered":"http:\/\/sajam.rs\/?page_id=30763"},"modified":"2024-10-10T14:05:57","modified_gmt":"2024-10-10T12:05:57","slug":"balkan-textile","status":"publish","type":"page","link":"https:\/\/sajam.rs\/en\/calendar-2025\/balkan-textile\/","title":{"rendered":"BALKAN TEXTILE"},"content":{"rendered":"<p><div class=\"fusion-fullwidth fullwidth-box fusion-builder-row-1 hundred-percent-fullwidth non-hundred-percent-height-scrolling\" style=\"--awb-background-position:left top;--awb-border-sizes-top:0px;--awb-border-sizes-bottom:0px;--awb-border-sizes-left:0px;--awb-border-sizes-right:0px;--awb-border-radius-top-left:0px;--awb-border-radius-top-right:0px;--awb-border-radius-bottom-right:0px;--awb-border-radius-bottom-left:0px;--awb-padding-top:20px;--awb-padding-bottom:20px;--awb-flex-wrap:wrap;\" ><div class=\"fusion-builder-row fusion-row\"><div class=\"fusion-layout-column fusion_builder_column fusion-builder-column-0 fusion_builder_column_1_4 1_4 fusion-one-fourth fusion-column-first\" style=\"--awb-bg-size:cover;width:22%; margin-right: 4%;\"><div class=\"fusion-column-wrapper fusion-flex-column-wrapper-legacy\"><div class=\"fusion-image-element fusion-image-align-center in-legacy-container\" style=\"text-align:center;--awb-caption-title-font-family:var(--h2_typography-font-family);--awb-caption-title-font-weight:var(--h2_typography-font-weight);--awb-caption-title-font-style:var(--h2_typography-font-style);--awb-caption-title-size:var(--h2_typography-font-size);--awb-caption-title-transform:var(--h2_typography-text-transform);--awb-caption-title-line-height:var(--h2_typography-line-height);--awb-caption-title-letter-spacing:var(--h2_typography-letter-spacing);\"><div class=\"imageframe-align-center\"><span class=\" fusion-imageframe imageframe-none imageframe-1 hover-type-none\"><img decoding=\"async\" width=\"200\" height=\"200\" title=\"balkan_textile_2023_logo_200\" src=\"data:image\/svg+xml,%3Csvg%20xmlns%3D%27http%3A%2F%2Fwww.w3.org%2F2000%2Fsvg%27%20width%3D%27200%27%20height%3D%27200%27%20viewBox%3D%270%200%20200%20200%27%3E%3Crect%20width%3D%27200%27%20height%3D%27200%27%20fill-opacity%3D%220%22%2F%3E%3C%2Fsvg%3E\" data-orig-src=\"https:\/\/sajam.rs\/wp-content\/uploads\/balkan_textile_2023_logo_200.webp\" alt class=\"lazyload img-responsive wp-image-40861\"\/><\/span><\/div><\/div><div class=\"fusion-sep-clear\"><\/div><div class=\"fusion-separator fusion-full-width-sep\" style=\"margin-left: auto;margin-right: auto;margin-top:15px;width:100%;\"><\/div><div class=\"fusion-sep-clear\"><\/div><div class=\"fusion-title title fusion-title-1 fusion-sep-none fusion-title-center fusion-title-text fusion-title-size-four\" style=\"--awb-margin-top-small:0px;--awb-margin-right-small:0px;--awb-margin-bottom-small:20px;--awb-margin-left-small:0px;\"><h4 class=\"fusion-title-heading title-heading-center fusion-responsive-typography-calculated\" style=\"margin:0;--fontSize:18.75;--minFontSize:18.75;line-height:1.5;\">February 20 &#8211; 22, 2025<\/h4><\/div><div class=\"fusion-clearfix\"><\/div><\/div><\/div><div class=\"fusion-layout-column fusion_builder_column fusion-builder-column-1 fusion_builder_column_3_4 3_4 fusion-three-fourth fusion-column-last\" style=\"--awb-bg-size:cover;width:74%;\"><div class=\"fusion-column-wrapper fusion-flex-column-wrapper-legacy\"><div class=\"fusion-text fusion-text-1\"><p>The Textile Fair will feature companies from Turkey, China, Portugal and Serbia. This is a business event gathering textile manufacturers, importers and traders. Beside the best textiles, the exhibitors at the Fair will show also the best machines and equipment within the textile sector.<\/p>\n<\/div><div class=\"fusion-clearfix\"><\/div><\/div><\/div><\/div><\/div><div class=\"fusion-fullwidth fullwidth-box fusion-builder-row-2 has-pattern-background has-mask-background nonhundred-percent-fullwidth non-hundred-percent-height-scrolling\" style=\"--awb-border-radius-top-left:0px;--awb-border-radius-top-right:0px;--awb-border-radius-bottom-right:0px;--awb-border-radius-bottom-left:0px;--awb-padding-top:20px;--awb-padding-bottom:20px;--awb-flex-wrap:wrap;\" ><div class=\"fusion-builder-row fusion-row\"><div class=\"fusion-layout-column fusion_builder_column fusion-builder-column-2 fusion_builder_column_1_1 1_1 fusion-one-full fusion-column-first fusion-column-last\" style=\"--awb-bg-size:cover;\"><div class=\"fusion-column-wrapper fusion-flex-column-wrapper-legacy\"><div class=\"fusion-title title fusion-title-2 sep-underline sep-solid fusion-title-text fusion-title-size-four\" style=\"--awb-margin-top-small:0px;--awb-margin-right-small:0px;--awb-margin-bottom-small:20px;--awb-margin-left-small:0px;\"><h4 class=\"fusion-title-heading title-heading-left fusion-responsive-typography-calculated\" style=\"margin:0;--fontSize:18.75;--minFontSize:18.75;line-height:1.5;\">HALLS<\/h4><\/div><div class=\"fusion-text fusion-text-2\"><p>Hall 3<\/p>\n<\/div><div class=\"fusion-clearfix\"><\/div><\/div><\/div><\/div><\/div><div class=\"fusion-fullwidth fullwidth-box fusion-builder-row-3 hundred-percent-fullwidth non-hundred-percent-height-scrolling\" style=\"--awb-background-position:left top;--awb-border-sizes-top:0px;--awb-border-sizes-bottom:0px;--awb-border-sizes-left:0px;--awb-border-sizes-right:0px;--awb-border-radius-top-left:0px;--awb-border-radius-top-right:0px;--awb-border-radius-bottom-right:0px;--awb-border-radius-bottom-left:0px;--awb-padding-top:20px;--awb-padding-bottom:20px;--awb-flex-wrap:wrap;\" ><div class=\"fusion-builder-row fusion-row\"><div class=\"fusion-layout-column fusion_builder_column fusion-builder-column-3 fusion_builder_column_1_1 1_1 fusion-one-full fusion-column-first fusion-column-last\" style=\"--awb-bg-size:cover;\"><div class=\"fusion-column-wrapper fusion-flex-column-wrapper-legacy\"><div class=\"fusion-title title fusion-title-3 sep-underline sep-solid fusion-title-text fusion-title-size-four\" style=\"--awb-margin-top-small:0px;--awb-margin-right-small:0px;--awb-margin-bottom-small:20px;--awb-margin-left-small:0px;\"><h4 class=\"fusion-title-heading title-heading-left fusion-responsive-typography-calculated\" style=\"margin:0;--fontSize:18.75;--minFontSize:18.75;line-height:1.5;\">ORGANIZER<\/h4><\/div><div class=\"fusion-text fusion-text-3\"><p>Halil R\u0131fat Pa\u015fa Mah. Abdullah Eraslan Cad. G\u00fcler Sk. No:51 \u015ei\u015fli<br \/>\nISTANBUL<br \/>\nTurkey<\/p>\n<p>Phone: +90 212 210 50 50<br \/>\nFax: +90 212 210 17 33<\/p>\n<p>E-mail: <a href=\"mailto:egezmis@meridyenfair.com\">egezmis@meridyenfair.com<\/a><\/p>\n<\/div><div class=\"fusion-clearfix\"><\/div><\/div><\/div><\/div><\/div><div class=\"fusion-fullwidth fullwidth-box fusion-builder-row-4 hundred-percent-fullwidth non-hundred-percent-height-scrolling\" style=\"--awb-border-radius-top-left:0px;--awb-border-radius-top-right:0px;--awb-border-radius-bottom-right:0px;--awb-border-radius-bottom-left:0px;--awb-overflow:visible;--awb-flex-wrap:wrap;\" ><div class=\"fusion-builder-row fusion-row\"><div class=\"fusion-layout-column fusion_builder_column fusion-builder-column-4 fusion_builder_column_1_1 1_1 fusion-one-full fusion-column-first fusion-column-last fusion-column-no-min-height\" style=\"--awb-bg-size:cover;--awb-margin-bottom:0px;\"><div class=\"fusion-column-wrapper fusion-flex-column-wrapper-legacy\"><div class=\"fusion-modal modal fade modal-1 GrupneUlazniceMod\" tabindex=\"-1\" role=\"dialog\" aria-labelledby=\"modal-heading-1\" aria-hidden=\"true\" style=\"--awb-border-color:#ebebeb;--awb-background:#f6f6f6;\"><div class=\"modal-dialog modal-lg\" role=\"document\"><div class=\"modal-content fusion-modal-content\"><div class=\"modal-header\"><button class=\"close\" type=\"button\" data-dismiss=\"modal\" aria-hidden=\"true\" aria-label=\"Close\">&times;<\/button><h3 class=\"modal-title\" id=\"modal-heading-1\" data-dismiss=\"modal\" aria-hidden=\"true\">Grupne ulaznice i grupne ulaznice za u\u010denike<\/h3><\/div><div class=\"modal-body fusion-clearfix\">Grupna poseta podrazumeva posetu vi\u0161e od 20 osoba\/u\u010denika.<\/p>\n<p>Za kupovinu grupnih ulaznica potrebno je dostaviti spisak osoba sa punim imenom i prezimenom, overen pe\u010datom firme ili \u0161kole i potpisom ovla\u0161\u0107enog lica.<\/p>\n<p>Pla\u0107anje se vr\u0161i direktno na blagajni ili preko teku\u0107eg ra\u010duna.<\/p>\n<p>Za <strong>dobijanje profakture<\/strong> obratiti se:<\/p>\n<ul>\n<li>Tel: + 381 11 2655 588, 2655 853<br \/>\ne-mail: <a href=\"mailto:tickets@sajam.rs\">tickets@sajam.rs<\/a><\/li>\n<li>Karte mo\u017eete podi\u0107i na BLAGAJNI sajma:<br \/>\nUpravna zgrada, kancelarija 34<br \/>\nTel: +381 11 265 58 20<\/li>\n<\/ul>\n<\/div><\/div><\/div><\/div><div class=\"fusion-clearfix\"><\/div><\/div><\/div><\/div><\/div><\/p>\n","protected":false},"excerpt":{"rendered":"","protected":false},"author":1,"featured_media":0,"parent":47444,"menu_order":7,"comment_status":"closed","ping_status":"closed","template":"","meta":{"footnotes":""},"class_list":["post-30763","page","type-page","status-publish","hentry"],"_links":{"self":[{"href":"https:\/\/sajam.rs\/en\/wp-json\/wp\/v2\/pages\/30763","targetHints":{"allow":["GET"]}}],"collection":[{"href":"https:\/\/sajam.rs\/en\/wp-json\/wp\/v2\/pages"}],"about":[{"href":"https:\/\/sajam.rs\/en\/wp-json\/wp\/v2\/types\/page"}],"author":[{"embeddable":true,"href":"https:\/\/sajam.rs\/en\/wp-json\/wp\/v2\/users\/1"}],"replies":[{"embeddable":true,"href":"https:\/\/sajam.rs\/en\/wp-json\/wp\/v2\/comments?post=30763"}],"version-history":[{"count":6,"href":"https:\/\/sajam.rs\/en\/wp-json\/wp\/v2\/pages\/30763\/revisions"}],"predecessor-version":[{"id":47489,"href":"https:\/\/sajam.rs\/en\/wp-json\/wp\/v2\/pages\/30763\/revisions\/47489"}],"up":[{"embeddable":true,"href":"https:\/\/sajam.rs\/en\/wp-json\/wp\/v2\/pages\/47444"}],"wp:attachment":[{"href":"https:\/\/sajam.rs\/en\/wp-json\/wp\/v2\/media?parent=30763"}],"curies":[{"name":"wp","href":"https:\/\/api.w.org\/{rel}","templated":true}]}}