{"id":20024,"date":"2018-07-18T11:40:37","date_gmt":"2018-07-18T10:40:37","guid":{"rendered":"http:\/\/sajam.rs\/?page_id=20024"},"modified":"2019-09-19T12:52:10","modified_gmt":"2019-09-19T11:52:10","slug":"medident","status":"publish","type":"page","link":"https:\/\/sajam.rs\/en\/calendar-2019\/medident\/","title":{"rendered":"44<sup>th<\/sup> MEDIDENT &#8211; FAIR OF MEDICINE AND STOMATOLOGY"},"content":{"rendered":"<p><div class=\"fusion-fullwidth fullwidth-box fusion-builder-row-1 hundred-percent-fullwidth non-hundred-percent-height-scrolling\" style=\"--awb-background-position:left top;--awb-border-radius-top-left:0px;--awb-border-radius-top-right:0px;--awb-border-radius-bottom-right:0px;--awb-border-radius-bottom-left:0px;--awb-padding-top:20px;--awb-padding-bottom:20px;--awb-border-sizes-top:0px;--awb-border-sizes-bottom:0px;--awb-flex-wrap:wrap;\" ><div class=\"fusion-builder-row fusion-row\"><div class=\"fusion-layout-column fusion_builder_column fusion-builder-column-0 fusion_builder_column_1_4 1_4 fusion-one-fourth fusion-column-first\" style=\"--awb-bg-size:cover;width:22%; margin-right: 4%;\"><div class=\"fusion-column-wrapper fusion-flex-column-wrapper-legacy\"><div class=\"fusion-image-element fusion-image-align-center in-legacy-container\" style=\"text-align:center;--awb-caption-title-font-family:var(--h2_typography-font-family);--awb-caption-title-font-weight:var(--h2_typography-font-weight);--awb-caption-title-font-style:var(--h2_typography-font-style);--awb-caption-title-size:var(--h2_typography-font-size);--awb-caption-title-transform:var(--h2_typography-text-transform);--awb-caption-title-line-height:var(--h2_typography-line-height);--awb-caption-title-letter-spacing:var(--h2_typography-letter-spacing);\"><div class=\"imageframe-align-center\"><span class=\" fusion-imageframe imageframe-none imageframe-1 hover-type-none\"><img decoding=\"async\" width=\"200\" height=\"94\" alt=\"Medident\" title=\"Medident\" src=\"data:image\/svg+xml,%3Csvg%20xmlns%3D%27http%3A%2F%2Fwww.w3.org%2F2000%2Fsvg%27%20width%3D%27200%27%20height%3D%2794%27%20viewBox%3D%270%200%20200%2094%27%3E%3Crect%20width%3D%27200%27%20height%3D%2794%27%20fill-opacity%3D%220%22%2F%3E%3C%2Fsvg%3E\" data-orig-src=\"https:\/\/sajam.rs\/wp-content\/uploads\/medident_200.jpg\" class=\"lazyload img-responsive wp-image-15577\"\/><\/span><\/div><\/div><div class=\"fusion-sep-clear\"><\/div><div class=\"fusion-separator fusion-full-width-sep\" style=\"margin-left: auto;margin-right: auto;margin-top:45px;width:100%;\"><\/div><div class=\"fusion-sep-clear\"><\/div><div class=\"fusion-title title fusion-title-1 fusion-sep-none fusion-title-center fusion-title-text fusion-title-size-four\" style=\"--awb-margin-top-small:0px;--awb-margin-right-small:0px;--awb-margin-bottom-small:20px;--awb-margin-left-small:0px;\"><h4 class=\"fusion-title-heading title-heading-center fusion-responsive-typography-calculated\" style=\"margin:0;--fontSize:18.75;--minFontSize:18.75;line-height:1.5;\">October 10 &#8211; 12, 2019<\/h4><\/div><div class=\"fusion-clearfix\"><\/div><\/div><\/div><div class=\"fusion-layout-column fusion_builder_column fusion-builder-column-1 fusion_builder_column_3_4 3_4 fusion-three-fourth fusion-column-last\" style=\"--awb-bg-size:cover;width:74%;\"><div class=\"fusion-column-wrapper fusion-flex-column-wrapper-legacy\"><div class=\"fusion-text fusion-text-1\"><p>International exhibition of dental, medical and laboratory equipment and instruments, pharmaceutical and other equipment and medical services.<\/p>\n<p>The Accompanying Programme features up-to-date scientific and expert issues in different fields of medicine, laboratory diagnostics and dentistry.<\/p>\n<\/div><div class=\"fusion-button-wrapper\"><a class=\"fusion-button button-flat fusion-button-default-size button-default fusion-button-default button-1 fusion-button-default-span fusion-button-default-type\" target=\"_blank\" rel=\"noopener noreferrer\" href=\"https:\/\/sajam.rs\/wp-content\/uploads\/prijave_medident_2019_eng.pdf\"><span class=\"fusion-button-text awb-button__text awb-button__text--default\">Application Forms for Exhibitors<\/span><\/a><\/div><div class=\"fusion-clearfix\"><\/div><\/div><\/div><\/div><\/div><div class=\"fusion-fullwidth fullwidth-box fusion-builder-row-2 hundred-percent-fullwidth non-hundred-percent-height-scrolling\" style=\"--awb-background-position:left top;--awb-border-radius-top-left:0px;--awb-border-radius-top-right:0px;--awb-border-radius-bottom-right:0px;--awb-border-radius-bottom-left:0px;--awb-padding-top:20px;--awb-padding-bottom:20px;--awb-border-sizes-top:0px;--awb-border-sizes-bottom:0px;--awb-flex-wrap:wrap;\" ><div class=\"fusion-builder-row fusion-row\"><div class=\"fusion-layout-column fusion_builder_column fusion-builder-column-2 fusion_builder_column_1_1 1_1 fusion-one-full fusion-column-first fusion-column-last\" style=\"--awb-bg-size:cover;\"><div class=\"fusion-column-wrapper fusion-flex-column-wrapper-legacy\"><div class=\"fusion-title title fusion-title-2 sep-underline sep-solid fusion-title-text fusion-title-size-four\" style=\"--awb-margin-top-small:0px;--awb-margin-right-small:0px;--awb-margin-bottom-small:20px;--awb-margin-left-small:0px;\"><h4 class=\"fusion-title-heading title-heading-left fusion-responsive-typography-calculated\" style=\"margin:0;--fontSize:18.75;--minFontSize:18.75;line-height:1.5;\">HALLS<\/h4><\/div><div class=\"fusion-text fusion-text-2\"><p>Hall 3 and 3A<\/p>\n<\/div><div class=\"fusion-clearfix\"><\/div><\/div><\/div><div class=\"fusion-layout-column fusion_builder_column fusion-builder-column-3 fusion_builder_column_1_2 1_2 fusion-one-half fusion-column-first\" style=\"--awb-bg-size:cover;width:48%; margin-right: 4%;\"><div class=\"fusion-column-wrapper fusion-flex-column-wrapper-legacy\"><div class=\"fusion-title title fusion-title-3 sep-underline sep-solid fusion-title-text fusion-title-size-four\" style=\"--awb-margin-top-small:0px;--awb-margin-right-small:0px;--awb-margin-bottom-small:20px;--awb-margin-left-small:0px;\"><h4 class=\"fusion-title-heading title-heading-left fusion-responsive-typography-calculated\" style=\"margin:0;--fontSize:18.75;--minFontSize:18.75;line-height:1.5;\">WORKING HOURS<\/h4><\/div>\n<div class=\"table-2\">\n<table>\n<tbody>\n<tr>\n<td align=\"left\">10, 11 October<\/td>\n<td align=\"left\">10:00 &#8211; 19:00 h<\/td>\n<\/tr>\n<tr>\n<td>12 October<\/td>\n<td>10:00 &#8211; 18:00 h<\/td>\n<\/tr>\n<\/tbody>\n<\/table>\n<\/div>\n<div class=\"fusion-clearfix\"><\/div><\/div><\/div><div class=\"fusion-layout-column fusion_builder_column fusion-builder-column-4 fusion_builder_column_1_2 1_2 fusion-one-half fusion-column-last\" style=\"--awb-bg-size:cover;width:48%;\"><div class=\"fusion-column-wrapper fusion-flex-column-wrapper-legacy\"><div class=\"fusion-title title fusion-title-4 sep-underline sep-solid fusion-title-text fusion-title-size-four\" style=\"--awb-margin-top-small:0px;--awb-margin-right-small:0px;--awb-margin-bottom-small:20px;--awb-margin-left-small:0px;\"><h4 class=\"fusion-title-heading title-heading-left fusion-responsive-typography-calculated\" style=\"margin:0;--fontSize:18.75;--minFontSize:18.75;line-height:1.5;\">TICKETS<\/h4><\/div>\n<div class=\"table-2\">\n<table>\n<tbody>\n<tr>\n<td align=\"left\">Single ticket<\/td>\n<td style=\"text-align: right;\">400 RSD<\/td>\n<\/tr>\n<tr>\n<td align=\"left\"><a class=\"fusion-modal-text-link\" data-toggle=\"modal\" data-target=\".fusion-modal.GrupneUlazniceMod\" href=\"#\">Group tickets *<\/a><\/td>\n<td style=\"text-align: right;\">250 RSD<\/td>\n<\/tr>\n<tr>\n<td align=\"left\">Parking (per hour)<\/td>\n<td style=\"text-align: right;\">150 RSD<\/td>\n<\/tr>\n<\/tbody>\n<\/table>\n<\/div>\n<div class=\"fusion-clearfix\"><\/div><\/div><\/div><\/div><\/div><div class=\"fusion-fullwidth fullwidth-box fusion-builder-row-3 hundred-percent-fullwidth non-hundred-percent-height-scrolling\" style=\"--awb-background-position:left top;--awb-border-radius-top-left:0px;--awb-border-radius-top-right:0px;--awb-border-radius-bottom-right:0px;--awb-border-radius-bottom-left:0px;--awb-padding-top:20px;--awb-padding-bottom:20px;--awb-border-sizes-top:0px;--awb-border-sizes-bottom:0px;--awb-flex-wrap:wrap;\" ><div class=\"fusion-builder-row fusion-row\"><div class=\"fusion-layout-column fusion_builder_column fusion-builder-column-5 fusion_builder_column_1_2 1_2 fusion-one-half fusion-column-first\" style=\"--awb-bg-size:cover;width:48%; margin-right: 4%;\"><div class=\"fusion-column-wrapper fusion-flex-column-wrapper-legacy\"><div class=\"fusion-title title fusion-title-5 sep-underline sep-solid fusion-title-text fusion-title-size-four\" style=\"--awb-margin-top-small:0px;--awb-margin-right-small:0px;--awb-margin-bottom-small:20px;--awb-margin-left-small:0px;\"><h4 class=\"fusion-title-heading title-heading-left fusion-responsive-typography-calculated\" style=\"margin:0;--fontSize:18.75;--minFontSize:18.75;line-height:1.5;\">ORGANIZER<\/h4><\/div><div class=\"fusion-text fusion-text-3\"><h4>BELGRADE FAIR<\/h4>\n<p>Jelena To\u0161i\u0107 Stojiljkovi\u0107, Coordinator<br \/>\nTel: +381 (11) 2655-178<\/p>\n<p>Milica To\u0161i\u0107, Project Associate<br \/>\nTel: +381 (11) 2655-400<\/p>\n<p>e-mail: <a href=\"mailto:medident@sajam.rs\">medident@sajam.rs<\/a><\/p>\n<\/div><div class=\"fusion-clearfix\"><\/div><\/div><\/div><div class=\"fusion-layout-column fusion_builder_column fusion-builder-column-6 fusion_builder_column_1_2 1_2 fusion-one-half fusion-column-last\" style=\"--awb-bg-size:cover;width:48%;\"><div class=\"fusion-column-wrapper fusion-flex-column-wrapper-legacy\"><div class=\"fusion-title title fusion-title-6 sep-underline sep-solid fusion-title-text fusion-title-size-four\" style=\"--awb-margin-top-small:0px;--awb-margin-right-small:0px;--awb-margin-bottom-small:20px;--awb-margin-left-small:0px;\"><h4 class=\"fusion-title-heading title-heading-left fusion-responsive-typography-calculated\" style=\"margin:0;--fontSize:18.75;--minFontSize:18.75;line-height:1.5;\">FACTS &amp; FIGURES<\/h4><\/div><div class=\"fusion-text fusion-text-4\"><div class=\"fusion-table table-2\">\n<table width=\"100%\">\n<tbody>\n<tr>\n<td style=\"text-align: right;\">exhibitors:<\/td>\n<td>80, from 16 countries<\/td>\n<\/tr>\n<tr>\n<td style=\"text-align: right;\">exhibiting space:<\/td>\n<td>4.500 m<sup>2<\/sup><\/td>\n<\/tr>\n<tr>\n<td style=\"text-align: right;\">visitors:<\/td>\n<td>\u00a07.000<\/td>\n<\/tr>\n<\/tbody>\n<\/table>\n<\/div>\n<\/div><div class=\"fusion-clearfix\"><\/div><\/div><\/div><\/div><\/div><div class=\"fusion-fullwidth fullwidth-box fusion-builder-row-4 nonhundred-percent-fullwidth non-hundred-percent-height-scrolling\" style=\"--awb-background-position:left top;--awb-border-radius-top-left:0px;--awb-border-radius-top-right:0px;--awb-border-radius-bottom-right:0px;--awb-border-radius-bottom-left:0px;--awb-padding-top:20px;--awb-padding-bottom:20px;--awb-border-sizes-top:0px;--awb-border-sizes-bottom:0px;--awb-flex-wrap:wrap;\" ><div class=\"fusion-builder-row fusion-row\"><div class=\"fusion-layout-column fusion_builder_column fusion-builder-column-7 fusion_builder_column_1_1 1_1 fusion-one-full fusion-column-first fusion-column-last fusion-column-no-min-height\" style=\"--awb-bg-size:cover;--awb-margin-bottom:0px;\"><div class=\"fusion-column-wrapper fusion-flex-column-wrapper-legacy\"><div class=\"fusion-title title fusion-title-7 sep-underline sep-solid fusion-title-text fusion-title-size-four\" style=\"--awb-margin-top-small:0px;--awb-margin-right-small:0px;--awb-margin-bottom-small:20px;--awb-margin-left-small:0px;\"><h4 class=\"fusion-title-heading title-heading-left fusion-responsive-typography-calculated\" style=\"margin:0;--fontSize:18.75;--minFontSize:18.75;line-height:1.5;\">GALLERY<\/h4><\/div><div class=\"fusion-clearfix\"><\/div><\/div><\/div><div class=\"fusion-layout-column fusion_builder_column fusion-builder-column-8 fusion_builder_column_1_1 1_1 fusion-one-full fusion-column-first fusion-column-last fusion-column-no-min-height\" style=\"--awb-bg-size:cover;--awb-margin-bottom:0px;\"><div class=\"fusion-column-wrapper fusion-flex-column-wrapper-legacy\"><div class=\"fusion-image-carousel fusion-image-carousel-auto fusion-image-carousel-1 lightbox-enabled fusion-carousel-border\"><div class=\"awb-carousel awb-swiper awb-swiper-carousel awb-carousel--carousel awb-swiper-dots-position-bottom\" data-layout=\"carousel\" data-autoplay=\"no\" data-autoplayspeed=\"2500\" data-autoplaypause=\"no\" data-columns=\"4\" data-columnsmedium=\"1\" data-columnssmall=\"1\" data-itemmargin=\"10\" data-itemwidth=\"180\" data-touchscroll=\"no\" data-freemode=\"no\" data-imagesize=\"auto\" data-scrollitems=\"0\" data-centeredslides=\"no\" data-rotationangle=\"50\" data-depth=\"100\" data-speed=\"500\" data-shadow=\"no\" data-pagination=\"bullets\" style=\"--awb-columns:4;--awb-column-spacing:10px;--awb-border-width:1px;--awb-border-color:#e9eaee;\"><div class=\"swiper-wrapper awb-image-carousel-wrapper fusion-flex-align-items-center\"><div class=\"swiper-slide\"><div class=\"fusion-carousel-item-wrapper\"><div class=\"fusion-image-wrapper hover-type-liftup\"><a data-rel=\"iLightbox[image_carousel_1]\" data-caption=\"Medident\" data-title=\"Medident\" aria-label=\"Medident\" href=\"https:\/\/sajam.rs\/wp-content\/uploads\/medident2015_2383.jpg\" target=\"_self\"><img decoding=\"async\" width=\"1024\" height=\"683\" src=\"https:\/\/sajam.rs\/wp-content\/uploads\/medident2015_2383.jpg\" class=\"attachment-full size-full lazyload\" alt=\"Medident\" srcset=\"data:image\/svg+xml,%3Csvg%20xmlns%3D%27http%3A%2F%2Fwww.w3.org%2F2000%2Fsvg%27%20width%3D%271024%27%20height%3D%27683%27%20viewBox%3D%270%200%201024%20683%27%3E%3Crect%20width%3D%271024%27%20height%3D%27683%27%20fill-opacity%3D%220%22%2F%3E%3C%2Fsvg%3E\" data-orig-src=\"https:\/\/sajam.rs\/wp-content\/uploads\/medident2015_2383.jpg\" data-srcset=\"https:\/\/sajam.rs\/wp-content\/uploads\/medident2015_2383-200x133.jpg 200w, https:\/\/sajam.rs\/wp-content\/uploads\/medident2015_2383-400x267.jpg 400w, https:\/\/sajam.rs\/wp-content\/uploads\/medident2015_2383-600x400.jpg 600w, https:\/\/sajam.rs\/wp-content\/uploads\/medident2015_2383-800x534.jpg 800w, https:\/\/sajam.rs\/wp-content\/uploads\/medident2015_2383.jpg 1024w\" data-sizes=\"auto\" \/><\/a><\/div><\/div><\/div><div class=\"swiper-slide\"><div class=\"fusion-carousel-item-wrapper\"><div class=\"fusion-image-wrapper hover-type-liftup\"><a data-rel=\"iLightbox[image_carousel_1]\" data-caption=\"Medident\" data-title=\"Medident\" aria-label=\"Medident\" href=\"https:\/\/sajam.rs\/wp-content\/uploads\/medident2015_2326.jpg\" target=\"_self\"><img decoding=\"async\" width=\"1024\" height=\"683\" src=\"https:\/\/sajam.rs\/wp-content\/uploads\/medident2015_2326.jpg\" class=\"attachment-full size-full lazyload\" alt=\"Medident\" srcset=\"data:image\/svg+xml,%3Csvg%20xmlns%3D%27http%3A%2F%2Fwww.w3.org%2F2000%2Fsvg%27%20width%3D%271024%27%20height%3D%27683%27%20viewBox%3D%270%200%201024%20683%27%3E%3Crect%20width%3D%271024%27%20height%3D%27683%27%20fill-opacity%3D%220%22%2F%3E%3C%2Fsvg%3E\" data-orig-src=\"https:\/\/sajam.rs\/wp-content\/uploads\/medident2015_2326.jpg\" data-srcset=\"https:\/\/sajam.rs\/wp-content\/uploads\/medident2015_2326-200x133.jpg 200w, https:\/\/sajam.rs\/wp-content\/uploads\/medident2015_2326-400x267.jpg 400w, https:\/\/sajam.rs\/wp-content\/uploads\/medident2015_2326-600x400.jpg 600w, https:\/\/sajam.rs\/wp-content\/uploads\/medident2015_2326-800x534.jpg 800w, https:\/\/sajam.rs\/wp-content\/uploads\/medident2015_2326.jpg 1024w\" data-sizes=\"auto\" \/><\/a><\/div><\/div><\/div><div class=\"swiper-slide\"><div class=\"fusion-carousel-item-wrapper\"><div class=\"fusion-image-wrapper hover-type-liftup\"><a data-rel=\"iLightbox[image_carousel_1]\" data-caption=\"Medident\" data-title=\"Medident\" aria-label=\"Medident\" href=\"https:\/\/sajam.rs\/wp-content\/uploads\/medident2015_2300.jpg\" target=\"_self\"><img decoding=\"async\" width=\"1024\" height=\"683\" src=\"https:\/\/sajam.rs\/wp-content\/uploads\/medident2015_2300.jpg\" class=\"attachment-full size-full lazyload\" alt=\"Medident\" srcset=\"data:image\/svg+xml,%3Csvg%20xmlns%3D%27http%3A%2F%2Fwww.w3.org%2F2000%2Fsvg%27%20width%3D%271024%27%20height%3D%27683%27%20viewBox%3D%270%200%201024%20683%27%3E%3Crect%20width%3D%271024%27%20height%3D%27683%27%20fill-opacity%3D%220%22%2F%3E%3C%2Fsvg%3E\" data-orig-src=\"https:\/\/sajam.rs\/wp-content\/uploads\/medident2015_2300.jpg\" data-srcset=\"https:\/\/sajam.rs\/wp-content\/uploads\/medident2015_2300-200x133.jpg 200w, https:\/\/sajam.rs\/wp-content\/uploads\/medident2015_2300-400x267.jpg 400w, https:\/\/sajam.rs\/wp-content\/uploads\/medident2015_2300-600x400.jpg 600w, https:\/\/sajam.rs\/wp-content\/uploads\/medident2015_2300-800x534.jpg 800w, https:\/\/sajam.rs\/wp-content\/uploads\/medident2015_2300.jpg 1024w\" data-sizes=\"auto\" \/><\/a><\/div><\/div><\/div><div class=\"swiper-slide\"><div class=\"fusion-carousel-item-wrapper\"><div class=\"fusion-image-wrapper hover-type-liftup\"><a data-rel=\"iLightbox[image_carousel_1]\" data-caption=\"Medident\" data-title=\"Medident\" aria-label=\"Medident\" href=\"https:\/\/sajam.rs\/wp-content\/uploads\/medident2015_2286.jpg\" target=\"_self\"><img decoding=\"async\" width=\"1024\" height=\"683\" src=\"https:\/\/sajam.rs\/wp-content\/uploads\/medident2015_2286.jpg\" class=\"attachment-full size-full lazyload\" alt=\"Medident\" srcset=\"data:image\/svg+xml,%3Csvg%20xmlns%3D%27http%3A%2F%2Fwww.w3.org%2F2000%2Fsvg%27%20width%3D%271024%27%20height%3D%27683%27%20viewBox%3D%270%200%201024%20683%27%3E%3Crect%20width%3D%271024%27%20height%3D%27683%27%20fill-opacity%3D%220%22%2F%3E%3C%2Fsvg%3E\" data-orig-src=\"https:\/\/sajam.rs\/wp-content\/uploads\/medident2015_2286.jpg\" data-srcset=\"https:\/\/sajam.rs\/wp-content\/uploads\/medident2015_2286-200x133.jpg 200w, https:\/\/sajam.rs\/wp-content\/uploads\/medident2015_2286-400x267.jpg 400w, https:\/\/sajam.rs\/wp-content\/uploads\/medident2015_2286-600x400.jpg 600w, https:\/\/sajam.rs\/wp-content\/uploads\/medident2015_2286-800x534.jpg 800w, https:\/\/sajam.rs\/wp-content\/uploads\/medident2015_2286.jpg 1024w\" data-sizes=\"auto\" \/><\/a><\/div><\/div><\/div><div class=\"swiper-slide\"><div class=\"fusion-carousel-item-wrapper\"><div class=\"fusion-image-wrapper hover-type-liftup\"><a data-rel=\"iLightbox[image_carousel_1]\" data-caption=\"Medident\" data-title=\"Medident\" aria-label=\"Medident\" href=\"https:\/\/sajam.rs\/wp-content\/uploads\/medident2015_2164.jpg\" target=\"_self\"><img decoding=\"async\" width=\"1024\" height=\"683\" src=\"https:\/\/sajam.rs\/wp-content\/uploads\/medident2015_2164.jpg\" class=\"attachment-full size-full lazyload\" alt=\"Medident\" srcset=\"data:image\/svg+xml,%3Csvg%20xmlns%3D%27http%3A%2F%2Fwww.w3.org%2F2000%2Fsvg%27%20width%3D%271024%27%20height%3D%27683%27%20viewBox%3D%270%200%201024%20683%27%3E%3Crect%20width%3D%271024%27%20height%3D%27683%27%20fill-opacity%3D%220%22%2F%3E%3C%2Fsvg%3E\" data-orig-src=\"https:\/\/sajam.rs\/wp-content\/uploads\/medident2015_2164.jpg\" data-srcset=\"https:\/\/sajam.rs\/wp-content\/uploads\/medident2015_2164-200x133.jpg 200w, https:\/\/sajam.rs\/wp-content\/uploads\/medident2015_2164-400x267.jpg 400w, https:\/\/sajam.rs\/wp-content\/uploads\/medident2015_2164-600x400.jpg 600w, https:\/\/sajam.rs\/wp-content\/uploads\/medident2015_2164-800x534.jpg 800w, https:\/\/sajam.rs\/wp-content\/uploads\/medident2015_2164.jpg 1024w\" data-sizes=\"auto\" \/><\/a><\/div><\/div><\/div><div class=\"swiper-slide\"><div class=\"fusion-carousel-item-wrapper\"><div class=\"fusion-image-wrapper hover-type-liftup\"><a data-rel=\"iLightbox[image_carousel_1]\" data-caption=\"Medident\" data-title=\"Medident\" aria-label=\"Medident\" href=\"https:\/\/sajam.rs\/wp-content\/uploads\/medident2015_2313.jpg\" target=\"_self\"><img decoding=\"async\" width=\"1024\" height=\"683\" src=\"https:\/\/sajam.rs\/wp-content\/uploads\/medident2015_2313.jpg\" class=\"attachment-full size-full lazyload\" alt=\"Medident\" srcset=\"data:image\/svg+xml,%3Csvg%20xmlns%3D%27http%3A%2F%2Fwww.w3.org%2F2000%2Fsvg%27%20width%3D%271024%27%20height%3D%27683%27%20viewBox%3D%270%200%201024%20683%27%3E%3Crect%20width%3D%271024%27%20height%3D%27683%27%20fill-opacity%3D%220%22%2F%3E%3C%2Fsvg%3E\" data-orig-src=\"https:\/\/sajam.rs\/wp-content\/uploads\/medident2015_2313.jpg\" data-srcset=\"https:\/\/sajam.rs\/wp-content\/uploads\/medident2015_2313-200x133.jpg 200w, https:\/\/sajam.rs\/wp-content\/uploads\/medident2015_2313-400x267.jpg 400w, https:\/\/sajam.rs\/wp-content\/uploads\/medident2015_2313-600x400.jpg 600w, https:\/\/sajam.rs\/wp-content\/uploads\/medident2015_2313-800x534.jpg 800w, https:\/\/sajam.rs\/wp-content\/uploads\/medident2015_2313.jpg 1024w\" data-sizes=\"auto\" \/><\/a><\/div><\/div><\/div><\/div><div class=\"awb-swiper-button awb-swiper-button-prev\"><i class=\"awb-icon-angle-left\" aria-hidden=\"true\"><\/i><\/div><div class=\"awb-swiper-button awb-swiper-button-next\"><i class=\"awb-icon-angle-right\" aria-hidden=\"true\"><\/i><\/div><\/div><\/div><div class=\"fusion-clearfix\"><\/div><\/div><\/div><\/div><\/div><div class=\"fusion-fullwidth fullwidth-box fusion-builder-row-5 hundred-percent-fullwidth non-hundred-percent-height-scrolling\" style=\"--awb-border-radius-top-left:0px;--awb-border-radius-top-right:0px;--awb-border-radius-bottom-right:0px;--awb-border-radius-bottom-left:0px;--awb-overflow:visible;--awb-flex-wrap:wrap;\" ><div class=\"fusion-builder-row fusion-row\"><div class=\"fusion-layout-column fusion_builder_column fusion-builder-column-9 fusion_builder_column_1_1 1_1 fusion-one-full fusion-column-first fusion-column-last fusion-column-no-min-height\" style=\"--awb-bg-size:cover;--awb-margin-bottom:0px;\"><div class=\"fusion-column-wrapper fusion-flex-column-wrapper-legacy\"><div class=\"fusion-modal modal fade modal-1 GrupneUlazniceMod\" tabindex=\"-1\" role=\"dialog\" aria-labelledby=\"modal-heading-1\" aria-hidden=\"true\" style=\"--awb-border-color:#ebebeb;--awb-background:#f6f6f6;\"><div class=\"modal-dialog modal-lg\" role=\"document\"><div class=\"modal-content fusion-modal-content\"><div class=\"modal-header\"><button class=\"close\" type=\"button\" data-dismiss=\"modal\" aria-hidden=\"true\" aria-label=\"Close\">&times;<\/button><h3 class=\"modal-title\" id=\"modal-heading-1\" data-dismiss=\"modal\" aria-hidden=\"true\">Group tickets<\/h3><\/div><div class=\"modal-body fusion-clearfix\">A group visit understands arrival of more than 20 persons.<\/p>\n<p>For the group ticket purchasing, the persons list, with their full names, sealed by the company&#8217;s official seal and the authorized signature shall be submitted.<\/p>\n<p>Payment shall be made directly to the cashier or to the bank account.<\/p>\n<p>For the <strong>proforma invoice obtaining<\/strong>, please contact:<\/p>\n<ul>\n<li>Tel: + 381 11 2655 588, 2655 853<br \/>\ne-mail: <a href=\"mailto:tickets@sajam.rs\">tickets@sajam.rs<\/a><\/li>\n<li>You may collect your tickets from the Fair CASHIER OFFICE:<br \/>\nHead Office, office 34<br \/>\nTel: +381 11 265 58 20<\/li>\n<\/ul>\n<\/div><\/div><\/div><\/div><div class=\"fusion-clearfix\"><\/div><\/div><\/div><\/div><\/div><\/p>\n","protected":false},"excerpt":{"rendered":"","protected":false},"author":1,"featured_media":0,"parent":19888,"menu_order":270,"comment_status":"closed","ping_status":"closed","template":"","meta":{"footnotes":""},"class_list":["post-20024","page","type-page","status-publish","hentry"],"_links":{"self":[{"href":"https:\/\/sajam.rs\/en\/wp-json\/wp\/v2\/pages\/20024","targetHints":{"allow":["GET"]}}],"collection":[{"href":"https:\/\/sajam.rs\/en\/wp-json\/wp\/v2\/pages"}],"about":[{"href":"https:\/\/sajam.rs\/en\/wp-json\/wp\/v2\/types\/page"}],"author":[{"embeddable":true,"href":"https:\/\/sajam.rs\/en\/wp-json\/wp\/v2\/users\/1"}],"replies":[{"embeddable":true,"href":"https:\/\/sajam.rs\/en\/wp-json\/wp\/v2\/comments?post=20024"}],"version-history":[{"count":0,"href":"https:\/\/sajam.rs\/en\/wp-json\/wp\/v2\/pages\/20024\/revisions"}],"up":[{"embeddable":true,"href":"https:\/\/sajam.rs\/en\/wp-json\/wp\/v2\/pages\/19888"}],"wp:attachment":[{"href":"https:\/\/sajam.rs\/en\/wp-json\/wp\/v2\/media?parent=20024"}],"curies":[{"name":"wp","href":"https:\/\/api.w.org\/{rel}","templated":true}]}}