{"id":1672,"date":"2016-02-29T11:24:21","date_gmt":"2016-02-29T09:24:21","guid":{"rendered":"http:\/\/localhost\/t2\/?page_id=1672"},"modified":"2026-01-20T10:32:53","modified_gmt":"2026-01-20T08:32:53","slug":"contact","status":"publish","type":"page","link":"https:\/\/sajam.rs\/en\/contact\/","title":{"rendered":"Contact"},"content":{"rendered":"<p><div class=\"fusion-fullwidth fullwidth-box fusion-builder-row-1 nonhundred-percent-fullwidth non-hundred-percent-height-scrolling\" style=\"--awb-border-radius-top-left:0px;--awb-border-radius-top-right:0px;--awb-border-radius-bottom-right:0px;--awb-border-radius-bottom-left:0px;--awb-flex-wrap:wrap;\" ><div class=\"fusion-builder-row fusion-row\"><div class=\"fusion-layout-column fusion_builder_column fusion-builder-column-0 fusion_builder_column_1_2 1_2 fusion-one-half fusion-column-first\" style=\"--awb-bg-size:cover;--awb-margin-bottom:0px;width:48%; margin-right: 4%;\"><div class=\"fusion-column-wrapper fusion-flex-column-wrapper-legacy\"><div class=\"fusion-text fusion-text-1\" style=\"--awb-text-transform:none;\"><h4>Info<\/h4>\n<ul>\n<li>phone: +381 (0)11 2655-555<\/li>\n<\/ul>\n<h4>Ticket Service<\/h4>\n<ul>\n<li>e-mail: <a href=\"mailto:tickets@sajam.rs\">tickets@sajam.rs<\/a><\/li>\n<\/ul>\n<h4>Belgrade Fair<\/h4>\n<ul>\n<li>address: Bulevar vojvode Mi\u0161i\u0107a 14, 11040 Belgrade, Serbia<\/li>\n<li>phone: +381 (0)11 2655-555<\/li>\n<li>e-mail: <a href=\"mailto:info@sajam.rs\">info@sajam.rs<\/a><\/li>\n<\/ul>\n<h4>Press<\/h4>\n<ul>\n<li>phone: +381 (0)11 2655-101<\/li>\n<li>e-mail: <a href=\"mailto:press@sajam.rs\">press@sajam.rs<\/a><\/li>\n<\/ul>\n<\/div><div class=\"fusion-clearfix\"><\/div><\/div><\/div><div class=\"fusion-layout-column fusion_builder_column fusion-builder-column-1 fusion_builder_column_1_2 1_2 fusion-one-half fusion-column-last\" style=\"--awb-bg-size:cover;--awb-margin-bottom:0px;width:48%;\"><div class=\"fusion-column-wrapper fusion-flex-column-wrapper-legacy\"><div class=\"fusion-text fusion-text-2\"><p><iframe style=\"border: 0;\" src=\"https:\/\/www.google.com\/maps\/embed?pb=!1m14!1m8!1m3!1d5662.669219622406!2d20.436418!3d44.794369!3m2!1i1024!2i768!4f13.1!3m3!1m2!1s0x0%3A0x68e29209c6d94a44!2z0JHQtdC-0LPRgNCw0LTRgdC60Lgg0YHQsNGY0LDQvA!5e0!3m2!1ssr!2srs!4v1469194684054\" width=\"500\" height=\"350\" frameborder=\"0\" allowfullscreen=\"allowfullscreen\"><\/iframe><\/p>\n<\/div><div class=\"fusion-clearfix\"><\/div><\/div><\/div><\/div><\/div><div class=\"fusion-fullwidth fullwidth-box fusion-builder-row-2 nonhundred-percent-fullwidth non-hundred-percent-height-scrolling\" style=\"--awb-border-radius-top-left:0px;--awb-border-radius-top-right:0px;--awb-border-radius-bottom-right:0px;--awb-border-radius-bottom-left:0px;--awb-padding-top:0px;--awb-padding-bottom:20px;--awb-flex-wrap:wrap;\" ><div class=\"fusion-builder-row fusion-row\"><div class=\"fusion-layout-column fusion_builder_column fusion-builder-column-2 fusion_builder_column_1_1 1_1 fusion-one-full fusion-column-first fusion-column-last\" style=\"--awb-bg-size:cover;\"><div class=\"fusion-column-wrapper fusion-flex-column-wrapper-legacy\"><div class=\"fusion-text fusion-text-3\"><h4>Inspection Office of the relevant exhibiting hall<\/h4>\n<ul>\n<li>Fair Event Organization Department: <a href=\"mailto:inspektori@sajam.rs\">inspektori@sajam.rs<\/a><\/li>\n<\/ul>\n<div class=\"fusion-table table-2\">\n<table width=\"100%\">\n<thead>\n<tr>\n<th>HALL 1<\/th>\n<th>Phone<\/th>\n<th>e-mail<\/th>\n<\/tr>\n<\/thead>\n<tbody>\n<tr>\n<td><strong>Milan Kandi\u0107<\/strong><br \/>\nHall Supervisor<\/td>\n<td>+381 (0)11 2655-190<br \/>\n+381 (0)11 2655-191<\/td>\n<td><a href=\"mailto:hala1@sajam.rs\">hala1@sajam.rs<\/a><\/td>\n<\/tr>\n<tr>\n<td><strong>Uro\u0161 Nikoli\u0107<\/strong><br \/>\nHall Supervisor<\/td>\n<td>+381 (0)11 2655-190<br \/>\n+381 (0)11 2655-191<\/td>\n<td><a href=\"mailto:hala1@sajam.rs\">hala1@sajam.rs<\/a><\/td>\n<\/tr>\n<\/tbody>\n<thead>\n<tr>\n<th>HALLS 2 and 1A<\/th>\n<th width=\"25%\">Phone<\/th>\n<th>e-mail<\/th>\n<\/tr>\n<\/thead>\n<tbody>\n<tr>\n<td><strong>Mile Mekterovi\u0107<br \/>\n<\/strong>Hall Supervisor<\/td>\n<td>+381 (0)11 2655-241<br \/>\n+381 (0)11 2655-240<\/td>\n<td><a href=\"mailto:hala2@sajam.rs\">hala2@sajam.rs<\/a><\/td>\n<\/tr>\n<tr>\n<td><strong>Vladimir \u0106ali\u0107<br \/>\n<\/strong>Hall Supervisor<\/td>\n<td>+381 (0)11 2655-241<br \/>\n+381 (0)11 2655-240<\/td>\n<td><a href=\"mailto:hala2@sajam.rs\">hala2@sajam.rs<\/a><\/td>\n<\/tr>\n<\/tbody>\n<thead>\n<tr>\n<th>HALLS 3 and 3A<\/th>\n<th>Phone<\/th>\n<th>e-mail<\/th>\n<\/tr>\n<\/thead>\n<tbody>\n<tr>\n<td><strong>Goran Su\u0161anj<br \/>\n<\/strong>Hall Supervisor<\/td>\n<td>+381 (0)11 2655-340<br \/>\n+381 (0)11 2655-341<\/td>\n<td><a href=\"mailto:hala3@sajam.rs\">hala3@sajam.rs<\/a><\/td>\n<\/tr>\n<tr>\n<td><strong>Rade Pu\u0161onji\u0107<\/strong><br \/>\nHall Supervisor<\/td>\n<td>+381 (0)11 2655-340<br \/>\n+381 (0)11 2655-341<\/td>\n<td><a href=\"mailto:hala3@sajam.rs\">hala3@sajam.rs<\/a><\/td>\n<\/tr>\n<\/tbody>\n<thead>\n<tr>\n<th>HALL 4<\/th>\n<th>Phone<\/th>\n<th>e-mail<\/th>\n<\/tr>\n<\/thead>\n<tbody>\n<tr>\n<td><strong>Nikola Aperli\u0107<\/strong><br \/>\nHall Supervisor<\/td>\n<td>+381 (0)11 2655-848<br \/>\n+381 (0)11 2655-014<\/td>\n<td><a href=\"mailto:hala4@sajam.rs\">hala4@sajam.rs<\/a><\/td>\n<\/tr>\n<tr>\n<td><strong>Du\u0161an Rako\u010devi\u0107<\/strong><br \/>\nHall Supervisor Deputy<\/td>\n<td>+381 (0)11 2655-848<br \/>\n+381 (0)11 2655-014<\/td>\n<td><a href=\"mailto:hala4@sajam.rs\">hala4@sajam.rs<\/a><\/td>\n<\/tr>\n<\/tbody>\n<thead>\n<tr>\n<th>HALL 5 and OPEN SPACE<\/th>\n<th>Phone<\/th>\n<th>e-mail<\/th>\n<\/tr>\n<\/thead>\n<tbody>\n<tr>\n<td><strong>Zoran Milenkovi\u0107<\/strong><br \/>\nHall Supervisor<\/td>\n<td>+381 (0)11 2655-260<br \/>\n+381 (0)11 2655-261<\/td>\n<td><a href=\"mailto:hala5@sajam.rs\">hala5@sajam.rs<\/a><\/td>\n<\/tr>\n<\/tbody>\n<\/table>\n<\/div>\n<h4>Zakup konferencijskih sala<\/h4>\n<div class=\"fusion-table table-2\">\n<table width=\"100%\">\n<thead>\n<tr>\n<th>Contact<\/th>\n<th>Phone<\/th>\n<th>e-mail<\/th>\n<\/tr>\n<\/thead>\n<tbody>\n<tr>\n<td><strong>Jovica Dimitrijevi\u0107<br \/>\n<\/strong>Rent Officer<\/td>\n<td>+381 (0)11 2655-809<\/td>\n<td><a href=\"mailto:jovica.dimitrijevic@sajam.rs\">jovica.dimitrijevic@sajam.rs<\/a><\/td>\n<\/tr>\n<\/tbody>\n<\/table>\n<\/div>\n<\/div><div class=\"fusion-clearfix\"><\/div><\/div><\/div><\/div><\/div><\/p>\n","protected":false},"excerpt":{"rendered":"","protected":false},"author":1,"featured_media":0,"parent":0,"menu_order":0,"comment_status":"closed","ping_status":"closed","template":"","meta":{"footnotes":""},"class_list":["post-1672","page","type-page","status-publish","hentry"],"_links":{"self":[{"href":"https:\/\/sajam.rs\/en\/wp-json\/wp\/v2\/pages\/1672","targetHints":{"allow":["GET"]}}],"collection":[{"href":"https:\/\/sajam.rs\/en\/wp-json\/wp\/v2\/pages"}],"about":[{"href":"https:\/\/sajam.rs\/en\/wp-json\/wp\/v2\/types\/page"}],"author":[{"embeddable":true,"href":"https:\/\/sajam.rs\/en\/wp-json\/wp\/v2\/users\/1"}],"replies":[{"embeddable":true,"href":"https:\/\/sajam.rs\/en\/wp-json\/wp\/v2\/comments?post=1672"}],"version-history":[{"count":6,"href":"https:\/\/sajam.rs\/en\/wp-json\/wp\/v2\/pages\/1672\/revisions"}],"predecessor-version":[{"id":52092,"href":"https:\/\/sajam.rs\/en\/wp-json\/wp\/v2\/pages\/1672\/revisions\/52092"}],"wp:attachment":[{"href":"https:\/\/sajam.rs\/en\/wp-json\/wp\/v2\/media?parent=1672"}],"curies":[{"name":"wp","href":"https:\/\/api.w.org\/{rel}","templated":true}]}}